{"id":2680,"date":"2025-08-04T13:47:39","date_gmt":"2025-08-04T06:47:39","guid":{"rendered":"https:\/\/bluefinsvn.com\/cap-luoi-chan-nhai-leaderfins-abyss-pro-chi-luoi\/"},"modified":"2026-03-30T13:41:54","modified_gmt":"2026-03-30T06:41:54","slug":"cap-luoi-chan-nhai-leaderfins-abyss-pro-chi-luoi","status":"publish","type":"product","link":"https:\/\/bluefinsvn.com\/en\/cap-luoi-chan-nhai-leaderfins-abyss-pro-chi-luoi\/","title":{"rendered":"C\u1eb7p l\u01b0\u1ee1i ch\u00e2n nh\u00e1i Leaderfins Abyss Pro &#8211; Ch\u1ec9 l\u01b0\u1ee1i &#8211; \u0110\u00f4i"},"content":{"rendered":"<p>L\u01b0\u1ee1i fins \u0111\u01b0\u1ee3c l\u00e0m b\u1eb1ng h\u1ed7n h\u1ee3p ch\u1ea5t l\u01b0\u1ee3ng cao c\u1ee7a nh\u1ef1a epoxy v\u00e0 s\u1ee3i th\u1ee7y tinh.<br \/>G\u00f3t ch\u00e2n nh\u00e1i \u0111\u01b0\u1ee3c l\u00e0m t\u1eeb cao su m\u1ec1m mang l\u1ea1i c\u1ea3m gi\u00e1c d\u1ec5 ch\u1ecbu cho ng\u01b0\u1eddi mang.<br \/>Ray cao su (water rail) g\u1eafn \u1edf 2 b\u00ean l\u01b0\u1ee1i fins mang l\u1ea1i hi\u1ec7u qu\u1ea3 t\u1ed1i \u0111a trong vi\u1ec7c chuy\u1ec3n h\u01b0\u1edbng d\u00f2ng n\u01b0\u1edbc.<\/p>\n<p>CHI TI\u1ebeT<\/p>\n<p>&#8211; L\u01b0\u1ee1i fins \u0111\u01b0\u1ee3c l\u00e0m t\u1eeb h\u1ed7n h\u1ee3p nh\u1ef1a epoxy v\u00e0 s\u1ee3i th\u1ee7y tinh ch\u1ea5t l\u01b0\u1ee3ng cao.<br \/>&#8211; G\u00f3t tho\u1ea3i m\u00e1i t\u1eeb cao su m\u1ec1m (c\u1ee1 ch\u00e2n t\u1eeb 31 \u0111\u1ebfn 50).<br \/>&#8211; K\u00edch th\u01b0\u1edbc v\u00e2y c\u00f3 G\u00f3t 43-44 ~ d\u00e0i 95 cm x r\u1ed9ng 20 cm.<br \/>&#8211; G\u00f3c l\u01b0\u1ee1i fins ~ 20 \u0111\u1ed9.<br \/>&#8211; \u0110\u01b0\u1eddng ray cao su g\u1eafn v\u00e0o l\u01b0\u1ee1i fins mang l\u1ea1i hi\u1ec7u qu\u1ea3 t\u1ed1i \u0111a trong vi\u1ec7c chuy\u1ec3n h\u01b0\u1edbng d\u00f2ng n\u01b0\u1edbc.<br \/>&#8211; C\u1eb7p v\u00e2y n\u1eb7ng ~ 1,8 kg (\u0110\u1ed9 c\u1ee9ng m\u1ec1m, g\u00f3t FORZA size 43-44).<\/p>\n<p>DETAILS<\/p>\n<p>&#8211; Blade is made of high quality mixture of epoxy resin and fiberglass.<br \/>&#8211; Comfortable foot pockets from soft rubber (foot sizes from 31 to 50).<br \/>&#8211; Fins dimensions with foot pockets size 43-44 ~ 95 cm long x 20 cm wide.<br \/>&#8211; Blade angle ~ 20 degrees.<br \/>&#8211; Rubber rails attached to the blade provide maximum efficiency in water flow redirection.<br \/>&#8211; Pair of fins weighs ~ 1,8 kg (Soft stiffness, FORZA foot pocket size 43-44).<\/p>","protected":false},"excerpt":{"rendered":"<p>L\u01b0\u1ee1i fins \u0111\u01b0\u1ee3c l\u00e0m b\u1eb1ng h\u1ed7n h\u1ee3p ch\u1ea5t l\u01b0\u1ee3ng cao c\u1ee7a nh\u1ef1a epoxy v\u00e0 s\u1ee3i th\u1ee7y tinh.G\u00f3t ch\u00e2n nh\u00e1i \u0111\u01b0\u1ee3c l\u00e0m t\u1eeb cao su m\u1ec1m mang l\u1ea1i c\u1ea3m gi\u00e1c d\u1ec5 ch\u1ecbu cho ng\u01b0\u1eddi mang.Ray cao su (water rail) g\u1eafn \u1edf 2 b\u00ean l\u01b0\u1ee1i fins mang l\u1ea1i hi\u1ec7u qu\u1ea3 t\u1ed1i \u0111a trong vi\u1ec7c chuy\u1ec3n h\u01b0\u1edbng d\u00f2ng [&hellip;]<\/p>\n","protected":false},"featured_media":4725,"template":"","meta":[],"product_brand":[],"product_cat":[40],"product_tag":[],"class_list":{"0":"post-2680","1":"product","2":"type-product","3":"status-publish","4":"has-post-thumbnail","6":"product_cat-chan-nhai-2","8":"first","9":"outofstock","10":"shipping-taxable","11":"product-type-variable","12":"wvs-archive-product-wrapper"},"_links":{"self":[{"href":"https:\/\/bluefinsvn.com\/en\/wp-json\/wp\/v2\/product\/2680","targetHints":{"allow":["GET"]}}],"collection":[{"href":"https:\/\/bluefinsvn.com\/en\/wp-json\/wp\/v2\/product"}],"about":[{"href":"https:\/\/bluefinsvn.com\/en\/wp-json\/wp\/v2\/types\/product"}],"wp:featuredmedia":[{"embeddable":true,"href":"https:\/\/bluefinsvn.com\/en\/wp-json\/wp\/v2\/media\/4725"}],"wp:attachment":[{"href":"https:\/\/bluefinsvn.com\/en\/wp-json\/wp\/v2\/media?parent=2680"}],"wp:term":[{"taxonomy":"product_brand","embeddable":true,"href":"https:\/\/bluefinsvn.com\/en\/wp-json\/wp\/v2\/product_brand?post=2680"},{"taxonomy":"product_cat","embeddable":true,"href":"https:\/\/bluefinsvn.com\/en\/wp-json\/wp\/v2\/product_cat?post=2680"},{"taxonomy":"product_tag","embeddable":true,"href":"https:\/\/bluefinsvn.com\/en\/wp-json\/wp\/v2\/product_tag?post=2680"}],"curies":[{"name":"wp","href":"https:\/\/api.w.org\/{rel}","templated":true}]}}