{"id":2783,"date":"2025-08-04T13:48:40","date_gmt":"2025-08-04T06:48:40","guid":{"rendered":"https:\/\/bluefinsvn.com\/cap-luoi-chan-nhai-leaderfins-algae-3d\/"},"modified":"2025-11-08T22:10:01","modified_gmt":"2025-11-08T15:10:01","slug":"cap-luoi-chan-nhai-leaderfins-algae-3d","status":"publish","type":"product","link":"https:\/\/bluefinsvn.com\/en\/cap-luoi-chan-nhai-leaderfins-algae-3d\/","title":{"rendered":"C\u1eb7p l\u01b0\u1ee1i ch\u00e2n nh\u00e1i Leaderfins Algae 3D &#8211; \u0110\u00f4i"},"content":{"rendered":"","protected":false},"excerpt":{"rendered":"","protected":false},"featured_media":4768,"template":"","meta":[],"product_brand":[],"product_cat":[40],"product_tag":[],"class_list":{"0":"post-2783","1":"product","2":"type-product","3":"status-publish","4":"has-post-thumbnail","6":"product_cat-chan-nhai-2","8":"first","9":"outofstock","10":"shipping-taxable","11":"purchasable","12":"product-type-simple"},"_links":{"self":[{"href":"https:\/\/bluefinsvn.com\/en\/wp-json\/wp\/v2\/product\/2783","targetHints":{"allow":["GET"]}}],"collection":[{"href":"https:\/\/bluefinsvn.com\/en\/wp-json\/wp\/v2\/product"}],"about":[{"href":"https:\/\/bluefinsvn.com\/en\/wp-json\/wp\/v2\/types\/product"}],"wp:featuredmedia":[{"embeddable":true,"href":"https:\/\/bluefinsvn.com\/en\/wp-json\/wp\/v2\/media\/4768"}],"wp:attachment":[{"href":"https:\/\/bluefinsvn.com\/en\/wp-json\/wp\/v2\/media?parent=2783"}],"wp:term":[{"taxonomy":"product_brand","embeddable":true,"href":"https:\/\/bluefinsvn.com\/en\/wp-json\/wp\/v2\/product_brand?post=2783"},{"taxonomy":"product_cat","embeddable":true,"href":"https:\/\/bluefinsvn.com\/en\/wp-json\/wp\/v2\/product_cat?post=2783"},{"taxonomy":"product_tag","embeddable":true,"href":"https:\/\/bluefinsvn.com\/en\/wp-json\/wp\/v2\/product_tag?post=2783"}],"curies":[{"name":"wp","href":"https:\/\/api.w.org\/{rel}","templated":true}]}}